{"id":41594,"date":"2025-08-14T15:00:41","date_gmt":"2025-08-14T21:00:41","guid":{"rendered":"https:\/\/garciabodan.com\/oficinas\/"},"modified":"2025-08-14T15:57:57","modified_gmt":"2025-08-14T21:57:57","slug":"offices","status":"publish","type":"page","link":"https:\/\/garciabodan.com\/en\/offices\/","title":{"rendered":"Offices"},"content":{"rendered":"<div class=\"wpb-content-wrapper\"><p>[vc_row css=&#8221;.vc_custom_1755103372813{padding-top: 5rem !important;padding-bottom: 5rem !important;}&#8221;][vc_column]<div class=\"garciabodan-oficinas-grid\">\n    <div class=\"garciabodan-oficina\">\n        <div class=\"oficina-imagen\">\n            <picture  loading=\"lazy\">\n                                    <source type=\"image\/webp\" srcset=\"https:\/\/garciabodan.com\/wp-content\/uploads\/2024\/09\/ciudad-de-guatemala.jpg.webp\">                    <img decoding=\"async\" src=\"https:\/\/garciabodan.com\/wp-content\/uploads\/2024\/09\/ciudad-de-guatemala.jpg\" width=\"768\" height=\"451\" alt=\"Guatemala City\">\n                            <\/picture>\n        <\/div>\n        <div class=\"oficina-informacion\">\n            <h2 class=\"title-xs hankenGroteskSemibold text-azul\">Guatemala City<\/h2>\n                        <p class=\"text-md text-azulOscuro\">Boulevard Los Pr\u00f3ceres 24-69, Zona 10, Zona Pradera Torre 3, Nivel 12, Oficina No. 1203. Ciudad de Guatemala, Guatemala. C.A.<\/p>\n                                    <a class=\"text-azul hankenGroteskBold\" href=\"https:\/\/garciabodan.com\/en\/profiles\/carlos-eduardo-tellez-paramo\/\" title=\"Carlos T\u00e9llez P\u00e1ramo\">Carlos T\u00e9llez P\u00e1ramo<\/a>\n                                    <a class=\"text-azulOscuro\" href=\"tel:50222617081\" title=\"Phone\">P: +502 2261 7081<\/a>\n                                    \n                                <div class=\"contenedor-link-oficina\">\n                        <div class=\"contenedor-gaciabodan-btn btn-center btn-mobile-center\">\n                            <button data-open=\"41620\" class=\"btn-garciabodan btn-primario btn-reducido btn-popup\">\n                                Read More                            <\/button>\n                        <\/div>\n                    <\/div>\n            \n        <\/div>\n    <\/div>\n        <div class=\"garciabodan-oficina\">\n        <div class=\"oficina-imagen\">\n            <picture  loading=\"lazy\">\n                                    <source type=\"image\/webp\" srcset=\"https:\/\/garciabodan.com\/wp-content\/uploads\/2024\/09\/managua.jpg.webp\">                    <img decoding=\"async\" src=\"https:\/\/garciabodan.com\/wp-content\/uploads\/2024\/09\/managua.jpg\" width=\"768\" height=\"451\" alt=\"Managua\">\n                            <\/picture>\n        <\/div>\n        <div class=\"oficina-informacion\">\n            <h2 class=\"title-xs hankenGroteskSemibold text-azul\">Managua<\/h2>\n                        <p class=\"text-md text-azulOscuro\">Reparto Los Robles, No. L-15. Del Hospital Monte Espa\u00f1a 200 metros al Norte. Managua, Nicaragua. C.A.<\/p>\n                                    <a class=\"text-azul hankenGroteskBold\" href=\"https:\/\/garciabodan.com\/en\/profiles\/terencio-jose-garcia-montenegro\/\" title=\"Terencio Garc\u00eda Montenegro\">Terencio Garc\u00eda Montenegro<\/a>\n                                    <a class=\"text-azulOscuro\" href=\"tel:50522647790\" title=\"Phone\">P: +505 2264 7790<\/a>\n                                    \n                                <div class=\"contenedor-link-oficina\">\n                        <div class=\"contenedor-gaciabodan-btn btn-center btn-mobile-center\">\n                            <button data-open=\"41606\" class=\"btn-garciabodan btn-primario btn-reducido btn-popup\">\n                                Read More                            <\/button>\n                        <\/div>\n                    <\/div>\n            \n        <\/div>\n    <\/div>\n        <div class=\"garciabodan-oficina\">\n        <div class=\"oficina-imagen\">\n            <picture  loading=\"lazy\">\n                                                        <img decoding=\"async\" src=\"https:\/\/garciabodan.com\/wp-content\/uploads\/2024\/09\/san-jose-costa-rica.webp\" width=\"768\" height=\"451\" alt=\"San Jos\u00e9\">\n                            <\/picture>\n        <\/div>\n        <div class=\"oficina-informacion\">\n            <h2 class=\"title-xs hankenGroteskSemibold text-azul\">San Jos\u00e9<\/h2>\n                        <p class=\"text-md text-azulOscuro\">Centro de Negocios Trilog\u00eda, San Rafael, Escaz\u00fa, Edificio 3, Oficina No. 324. San Jos\u00e9, Costa Rica. C.A.<\/p>\n                                    <a class=\"text-azul hankenGroteskBold\" href=\"https:\/\/garciabodan.com\/en\/profiles\/carlos-eduardo-tellez-paramo\/\" title=\"Carlos T\u00e9llez P\u00e1ramo\">Carlos T\u00e9llez P\u00e1ramo<\/a>\n                                    <a class=\"text-azulOscuro\" href=\"tel:50640016878\" title=\"Phone\">P: +506 4001 6878<\/a>\n                                    \n                                <div class=\"contenedor-link-oficina\">\n                        <div class=\"contenedor-gaciabodan-btn btn-center btn-mobile-center\">\n                            <button data-open=\"41525\" class=\"btn-garciabodan btn-primario btn-reducido btn-popup\">\n                                Read More                            <\/button>\n                        <\/div>\n                    <\/div>\n            \n        <\/div>\n    <\/div>\n        <div class=\"garciabodan-oficina\">\n        <div class=\"oficina-imagen\">\n            <picture  loading=\"lazy\">\n                                    <source type=\"image\/webp\" srcset=\"https:\/\/garciabodan.com\/wp-content\/uploads\/2024\/09\/san-juan-del-sur.jpg.webp\">                    <img decoding=\"async\" src=\"https:\/\/garciabodan.com\/wp-content\/uploads\/2024\/09\/san-juan-del-sur.jpg\" width=\"768\" height=\"451\" alt=\"San Juan del Sur\">\n                            <\/picture>\n        <\/div>\n        <div class=\"oficina-informacion\">\n            <h2 class=\"title-xs hankenGroteskSemibold text-azul\">San Juan del Sur<\/h2>\n                        <p class=\"text-md text-azulOscuro\">Del Restaurante \u201cEl Tim\u00f3n\u201d 2 cuadras al Norte, contiguo al Hotel Alcazar. San Juan del Sur, Nicaragua. C.A.<\/p>\n                                    <a class=\"text-azul hankenGroteskBold\" href=\"https:\/\/garciabodan.com\/en\/profiles\/terencio-jose-garcia-montenegro\/\" title=\"Terencio Garc\u00eda Montenegro\">Terencio Garc\u00eda Montenegro<\/a>\n                                    <a class=\"text-azulOscuro\" href=\"tel:50525682134\" title=\"Phone\">P: +505 2568 2134<\/a>\n                                    \n                                <div class=\"contenedor-link-oficina\">\n                        <div class=\"contenedor-gaciabodan-btn btn-center btn-mobile-center\">\n                            <button data-open=\"41520\" class=\"btn-garciabodan btn-primario btn-reducido btn-popup\">\n                                Read More                            <\/button>\n                        <\/div>\n                    <\/div>\n            \n        <\/div>\n    <\/div>\n        <div class=\"garciabodan-oficina\">\n        <div class=\"oficina-imagen\">\n            <picture  loading=\"lazy\">\n                                    <source type=\"image\/webp\" srcset=\"https:\/\/garciabodan.com\/wp-content\/uploads\/2024\/09\/san-salvador.jpg.webp\">                    <img decoding=\"async\" src=\"https:\/\/garciabodan.com\/wp-content\/uploads\/2024\/09\/san-salvador.jpg\" width=\"768\" height=\"451\" alt=\"San Salvador\">\n                            <\/picture>\n        <\/div>\n        <div class=\"oficina-informacion\">\n            <h2 class=\"title-xs hankenGroteskSemibold text-azul\">San Salvador<\/h2>\n                        <p class=\"text-md text-azulOscuro\">Final 83 Avenida Sur, No. 403, Segundo Nivel, Colonia Escal\u00f3n. San Salvador, El Salvador. C.A.<\/p>\n                                    <a class=\"text-azul hankenGroteskBold\" href=\"https:\/\/garciabodan.com\/en\/profiles\/david-ernesto-claros-flores\/\" title=\"David Claros Flores\">David Claros Flores<\/a>\n                                    <a class=\"text-azulOscuro\" href=\"tel:50322640977\" title=\"Phone\">P: +503 2264 0977<\/a>\n                                    <a class=\"text-azulOscuro\" href=\"tel:3056779684\" title=\"Phone US\">US Phone: +305 677 9684<\/a>\n                        \n                                <div class=\"contenedor-link-oficina\">\n                        <div class=\"contenedor-gaciabodan-btn btn-center btn-mobile-center\">\n                            <button data-open=\"41530\" class=\"btn-garciabodan btn-primario btn-reducido btn-popup\">\n                                Read More                            <\/button>\n                        <\/div>\n                    <\/div>\n            \n        <\/div>\n    <\/div>\n        <div class=\"garciabodan-oficina\">\n        <div class=\"oficina-imagen\">\n            <picture  loading=\"lazy\">\n                                    <source type=\"image\/webp\" srcset=\"https:\/\/garciabodan.com\/wp-content\/uploads\/2024\/09\/san-pedro-sula.jpg.webp\">                    <img decoding=\"async\" src=\"https:\/\/garciabodan.com\/wp-content\/uploads\/2024\/09\/san-pedro-sula.jpg\" width=\"768\" height=\"451\" alt=\"San Pedro Sula\">\n                            <\/picture>\n        <\/div>\n        <div class=\"oficina-informacion\">\n            <h2 class=\"title-xs hankenGroteskSemibold text-azul\">San Pedro Sula<\/h2>\n                        <p class=\"text-md text-azulOscuro\">Avenida Circunvalaci\u00f3n, Segunda Calle, Edificio Rivoli, No. 18. San Pedro Sula, Honduras. C.A.<\/p>\n                                    <a class=\"text-azul hankenGroteskBold\" href=\"https:\/\/garciabodan.com\/en\/profiles\/melissa-paola-ayala-avelar\/\" title=\"Melissa Ayala Avelar\">Melissa Ayala Avelar<\/a>\n                                    <a class=\"text-azulOscuro\" href=\"tel:50425501070\" title=\"Phone\">P: +504 2550 1070<\/a>\n                                    \n                                <div class=\"contenedor-link-oficina\">\n                        <div class=\"contenedor-gaciabodan-btn btn-center btn-mobile-center\">\n                            <button data-open=\"41527\" class=\"btn-garciabodan btn-primario btn-reducido btn-popup\">\n                                Read More                            <\/button>\n                        <\/div>\n                    <\/div>\n            \n        <\/div>\n    <\/div>\n        <div class=\"garciabodan-oficina\">\n        <div class=\"oficina-imagen\">\n            <picture  loading=\"lazy\">\n                                    <source type=\"image\/webp\" srcset=\"https:\/\/garciabodan.com\/wp-content\/uploads\/2024\/09\/tegucigalpa.jpg.webp\">                    <img decoding=\"async\" src=\"https:\/\/garciabodan.com\/wp-content\/uploads\/2024\/09\/tegucigalpa.jpg\" width=\"768\" height=\"451\" alt=\"Tegucigalpa\">\n                            <\/picture>\n        <\/div>\n        <div class=\"oficina-informacion\">\n            <h2 class=\"title-xs hankenGroteskSemibold text-azul\">Tegucigalpa<\/h2>\n                        <p class=\"text-md text-azulOscuro\">Lomas del Guijarro, Torre Alianza 1, 6to piso, No. 604. Tegucigalpa, Honduras. C.A.<\/p>\n                                    <a class=\"text-azul hankenGroteskBold\" href=\"https:\/\/garciabodan.com\/en\/profiles\/jazna-vanesa-oqueli-de-riera\/\" title=\"Vanessa Oquel\u00ed De Riera\">Vanessa Oquel\u00ed De Riera<\/a>\n                                    <a class=\"text-azulOscuro\" href=\"tel:50422710010\" title=\"Phone\">P: +504 2271 0010<\/a>\n                                    \n                                <div class=\"contenedor-link-oficina\">\n                        <div class=\"contenedor-gaciabodan-btn btn-center btn-mobile-center\">\n                            <button data-open=\"41616\" class=\"btn-garciabodan btn-primario btn-reducido btn-popup\">\n                                Read More                            <\/button>\n                        <\/div>\n                    <\/div>\n            \n        <\/div>\n    <\/div>\n        <div class=\"garciabodan-oficina\">\n        <div class=\"oficina-imagen\">\n            <picture  loading=\"lazy\">\n                                    <source type=\"image\/webp\" srcset=\"https:\/\/garciabodan.com\/wp-content\/uploads\/2024\/09\/tola.jpg.webp\">                    <img decoding=\"async\" src=\"https:\/\/garciabodan.com\/wp-content\/uploads\/2024\/09\/tola.jpg\" width=\"768\" height=\"451\" alt=\"Tola\">\n                            <\/picture>\n        <\/div>\n        <div class=\"oficina-informacion\">\n            <h2 class=\"title-xs hankenGroteskSemibold text-azul\">Tola<\/h2>\n                        <p class=\"text-md text-azulOscuro\">Plaza Riviera de Tola. Entrada de Hacienda Iguana 500 metros al Sur. Tola, Nicaragua. C.A.<\/p>\n                                    <a class=\"text-azul hankenGroteskBold\" href=\"https:\/\/garciabodan.com\/en\/profiles\/terencio-jose-garcia-montenegro\/\" title=\"Terencio Garc\u00eda Montenegro\">Terencio Garc\u00eda Montenegro<\/a>\n                                    <a class=\"text-azulOscuro\" href=\"tel:50525682134\" title=\"Phone\">P: +505 2568 2134<\/a>\n                                    \n                                <div class=\"contenedor-link-oficina\">\n                        <div class=\"contenedor-gaciabodan-btn btn-center btn-mobile-center\">\n                            <button data-open=\"41520\" class=\"btn-garciabodan btn-primario btn-reducido btn-popup\">\n                                Read More                            <\/button>\n                        <\/div>\n                    <\/div>\n            \n        <\/div>\n    <\/div>\n    <\/div>[\/vc_column][\/vc_row]<\/p><\/div>","protected":false},"excerpt":{"rendered":"<p>[vc_row css=&#8221;.vc_custom_1755103372813{padding-top: 5rem !important;padding-bottom: 5rem !important;}&#8221;][vc_column][\/vc_column][\/vc_row]<\/p>\n","protected":false},"author":10,"featured_media":0,"parent":0,"menu_order":0,"comment_status":"closed","ping_status":"closed","template":"","meta":{"_acf_changed":false,"inline_featured_image":false,"footnotes":""},"class_list":["post-41594","page","type-page","status-publish","hentry"],"acf":[],"_links":{"self":[{"href":"https:\/\/garciabodan.com\/en\/wp-json\/wp\/v2\/pages\/41594","targetHints":{"allow":["GET"]}}],"collection":[{"href":"https:\/\/garciabodan.com\/en\/wp-json\/wp\/v2\/pages"}],"about":[{"href":"https:\/\/garciabodan.com\/en\/wp-json\/wp\/v2\/types\/page"}],"author":[{"embeddable":true,"href":"https:\/\/garciabodan.com\/en\/wp-json\/wp\/v2\/users\/10"}],"replies":[{"embeddable":true,"href":"https:\/\/garciabodan.com\/en\/wp-json\/wp\/v2\/comments?post=41594"}],"version-history":[{"count":1,"href":"https:\/\/garciabodan.com\/en\/wp-json\/wp\/v2\/pages\/41594\/revisions"}],"predecessor-version":[{"id":41595,"href":"https:\/\/garciabodan.com\/en\/wp-json\/wp\/v2\/pages\/41594\/revisions\/41595"}],"wp:attachment":[{"href":"https:\/\/garciabodan.com\/en\/wp-json\/wp\/v2\/media?parent=41594"}],"curies":[{"name":"wp","href":"https:\/\/api.w.org\/{rel}","templated":true}]}}